{"id":2191,"date":"2024-12-15T14:50:56","date_gmt":"2024-12-15T14:50:56","guid":{"rendered":"https:\/\/colegiofraymartin.edu.pe\/nportal\/?page_id=2191"},"modified":"2024-12-15T18:00:01","modified_gmt":"2024-12-15T18:00:01","slug":"promocion-2024","status":"publish","type":"page","link":"https:\/\/colegiofraymartin.edu.pe\/nportal\/promocion-2024\/","title":{"rendered":"Promoci\u00f3n 2024"},"content":{"rendered":"\t\t<div data-elementor-type=\"wp-page\" data-elementor-id=\"2191\" class=\"elementor elementor-2191\" data-elementor-post-type=\"page\">\n\t\t\t\t\t\t<section class=\"elementor-section elementor-top-section elementor-element elementor-element-c5c6b2f elementor-section-stretched elementor-section-height-min-height elementor-section-content-middle elementor-section-full_width elementor-section-height-default elementor-section-items-middle\" data-id=\"c5c6b2f\" data-element_type=\"section\" data-settings=\"{&quot;stretch_section&quot;:&quot;section-stretched&quot;,&quot;background_background&quot;:&quot;classic&quot;}\">\n\t\t\t\t\t\t<div class=\"elementor-container elementor-column-gap-default\">\n\t\t\t\t\t<div class=\"elementor-column elementor-col-100 elementor-top-column elementor-element elementor-element-c5485ca\" data-id=\"c5485ca\" data-element_type=\"column\" data-settings=\"{&quot;background_background&quot;:&quot;classic&quot;}\">\n\t\t\t<div class=\"elementor-widget-wrap elementor-element-populated\">\n\t\t\t\t\t<div class=\"elementor-background-overlay\"><\/div>\n\t\t\t\t\t\t<div class=\"elementor-element elementor-element-a5984f4 elementor-widget elementor-widget-heading\" data-id=\"a5984f4\" data-element_type=\"widget\" data-settings=\"{&quot;_animation_mobile&quot;:&quot;none&quot;}\" data-widget_type=\"heading.default\">\n\t\t\t\t<div class=\"elementor-widget-container\">\n\t\t\t\t\t<h3 class=\"elementor-heading-title elementor-size-default\">Colegio Fray Martin<\/h3>\t\t\t\t<\/div>\n\t\t\t\t<\/div>\n\t\t\t\t<div class=\"elementor-element elementor-element-764b222 premium-header-block premium-lq__none premium-box-lq__none elementor-widget elementor-widget-premium-addon-dual-header\" data-id=\"764b222\" data-element_type=\"widget\" data-widget_type=\"premium-addon-dual-header.default\">\n\t\t\t\t<div class=\"elementor-widget-container\">\n\t\t\t\t\t\n\t\t\t\t\t<h2 class=\"premium-dual-header-first-header  gradient\"><span class=\"premium-dual-header-first-span\">Promoci\u00f3n 2024 <\/span><span class=\"premium-dual-header-second-header \">PHYSIUS<\/span><\/h2> \t\t\n\t\t\t\t\t\t<\/div>\n\t\t\t\t<\/div>\n\t\t\t\t\t<\/div>\n\t\t<\/div>\n\t\t\t\t\t<\/div>\n\t\t<\/section>\n\t\t\t\t<section class=\"elementor-section elementor-top-section elementor-element elementor-element-9089883 elementor-section-full_width elementor-section-height-default elementor-section-height-default\" data-id=\"9089883\" data-element_type=\"section\">\n\t\t\t\t\t\t<div class=\"elementor-container elementor-column-gap-default\">\n\t\t\t\t\t<div class=\"elementor-column elementor-col-100 elementor-top-column elementor-element elementor-element-8dedc5f\" data-id=\"8dedc5f\" data-element_type=\"column\">\n\t\t\t<div class=\"elementor-widget-wrap elementor-element-populated\">\n\t\t\t\t\t\t<div class=\"elementor-element elementor-element-762a94d premium-header-block premium-lq__none premium-box-lq__none elementor-widget elementor-widget-premium-addon-dual-header\" data-id=\"762a94d\" data-element_type=\"widget\" data-widget_type=\"premium-addon-dual-header.default\">\n\t\t\t\t<div class=\"elementor-widget-container\">\n\t\t\t\t\t\n\t\t\t\t\t<h2 class=\"premium-dual-header-first-header \"><span class=\"premium-dual-header-first-span\">Promoci\u00f3n 2024: L\u00edderes del Futuro <\/span><span class=\"premium-dual-header-second-header \">Excelencia, valores y visi\u00f3n desde el Colegio Fray Mart\u00edn de Arequipa<\/span><\/h2> \t\t\n\t\t\t\t\t\t<\/div>\n\t\t\t\t<\/div>\n\t\t\t\t<div class=\"elementor-element elementor-element-6d835a5 elementor-widget elementor-widget-image\" data-id=\"6d835a5\" data-element_type=\"widget\" data-widget_type=\"image.default\">\n\t\t\t\t<div class=\"elementor-widget-container\">\n\t\t\t\t\t\t\t\t\t\t\t\t\t\t\t<img fetchpriority=\"high\" decoding=\"async\" width=\"640\" height=\"544\" src=\"https:\/\/colegiofraymartin.edu.pe\/nportal\/wp-content\/uploads\/2024\/12\/promo02-1024x871.png\" class=\"attachment-large size-large wp-image-2189\" alt=\"\" srcset=\"https:\/\/colegiofraymartin.edu.pe\/nportal\/wp-content\/uploads\/2024\/12\/promo02-1024x871.png 1024w, https:\/\/colegiofraymartin.edu.pe\/nportal\/wp-content\/uploads\/2024\/12\/promo02-300x255.png 300w, https:\/\/colegiofraymartin.edu.pe\/nportal\/wp-content\/uploads\/2024\/12\/promo02-768x653.png 768w, https:\/\/colegiofraymartin.edu.pe\/nportal\/wp-content\/uploads\/2024\/12\/promo02.png 1065w\" sizes=\"(max-width: 640px) 100vw, 640px\" \/>\t\t\t\t\t\t\t\t\t\t\t\t\t\t\t<\/div>\n\t\t\t\t<\/div>\n\t\t\t\t\t<\/div>\n\t\t<\/div>\n\t\t\t\t\t<\/div>\n\t\t<\/section>\n\t\t\t\t<section class=\"elementor-section elementor-top-section elementor-element elementor-element-3a11531 elementor-section-boxed elementor-section-height-default elementor-section-height-default\" data-id=\"3a11531\" data-element_type=\"section\">\n\t\t\t\t\t\t<div class=\"elementor-container elementor-column-gap-default\">\n\t\t\t\t\t<div class=\"elementor-column elementor-col-100 elementor-top-column elementor-element elementor-element-8a204a8\" data-id=\"8a204a8\" data-element_type=\"column\">\n\t\t\t<div class=\"elementor-widget-wrap\">\n\t\t\t\t\t\t\t<\/div>\n\t\t<\/div>\n\t\t\t\t\t<\/div>\n\t\t<\/section>\n\t\t\t\t<section class=\"elementor-section elementor-top-section elementor-element elementor-element-6d60042 elementor-section-boxed elementor-section-height-default elementor-section-height-default\" data-id=\"6d60042\" data-element_type=\"section\">\n\t\t\t\t\t\t<div class=\"elementor-container elementor-column-gap-default\">\n\t\t\t\t\t<div class=\"elementor-column elementor-col-50 elementor-top-column elementor-element elementor-element-4e3f84e\" data-id=\"4e3f84e\" data-element_type=\"column\">\n\t\t\t<div class=\"elementor-widget-wrap elementor-element-populated\">\n\t\t\t\t\t\t<div class=\"elementor-element elementor-element-0ed1e87 elementor-widget elementor-widget-image\" data-id=\"0ed1e87\" data-element_type=\"widget\" data-widget_type=\"image.default\">\n\t\t\t\t<div class=\"elementor-widget-container\">\n\t\t\t\t\t\t\t\t\t\t\t\t\t\t\t<img decoding=\"async\" width=\"640\" height=\"904\" src=\"https:\/\/colegiofraymartin.edu.pe\/nportal\/wp-content\/uploads\/2024\/12\/Promo01-725x1024.png\" class=\"attachment-large size-large wp-image-2190\" alt=\"\" srcset=\"https:\/\/colegiofraymartin.edu.pe\/nportal\/wp-content\/uploads\/2024\/12\/Promo01-725x1024.png 725w, https:\/\/colegiofraymartin.edu.pe\/nportal\/wp-content\/uploads\/2024\/12\/Promo01-212x300.png 212w, https:\/\/colegiofraymartin.edu.pe\/nportal\/wp-content\/uploads\/2024\/12\/Promo01-768x1085.png 768w, https:\/\/colegiofraymartin.edu.pe\/nportal\/wp-content\/uploads\/2024\/12\/Promo01.png 800w\" sizes=\"(max-width: 640px) 100vw, 640px\" \/>\t\t\t\t\t\t\t\t\t\t\t\t\t\t\t<\/div>\n\t\t\t\t<\/div>\n\t\t\t\t\t<\/div>\n\t\t<\/div>\n\t\t\t\t<div class=\"elementor-column elementor-col-50 elementor-top-column elementor-element elementor-element-5bd2fe7\" data-id=\"5bd2fe7\" data-element_type=\"column\">\n\t\t\t<div class=\"elementor-widget-wrap elementor-element-populated\">\n\t\t\t\t\t\t<div class=\"elementor-element elementor-element-6562c34 elementor-widget elementor-widget-text-editor\" data-id=\"6562c34\" data-element_type=\"widget\" data-widget_type=\"text-editor.default\">\n\t\t\t\t<div class=\"elementor-widget-container\">\n\t\t\t\t\t\t\t\t\t<p>La Promoci\u00f3n 2024 del Colegio Fray Mart\u00edn es el reflejo de una generaci\u00f3n que combina excelencia acad\u00e9mica con principios s\u00f3lidos. Han demostrado ser l\u00edderes responsables, innovadores y comprometidos con su entorno, destac\u00e1ndose en cada desaf\u00edo que han enfrentado a lo largo de su formaci\u00f3n.<\/p>\t\t\t\t\t\t\t\t<\/div>\n\t\t\t\t<\/div>\n\t\t\t\t\t<\/div>\n\t\t<\/div>\n\t\t\t\t\t<\/div>\n\t\t<\/section>\n\t\t\t\t<section class=\"elementor-section elementor-top-section elementor-element elementor-element-dcede4e elementor-section-full_width elementor-section-height-default elementor-section-height-default\" data-id=\"dcede4e\" data-element_type=\"section\">\n\t\t\t\t\t\t<div class=\"elementor-container elementor-column-gap-default\">\n\t\t\t\t\t<div class=\"elementor-column elementor-col-50 elementor-top-column elementor-element elementor-element-5ad01e4\" data-id=\"5ad01e4\" data-element_type=\"column\">\n\t\t\t<div class=\"elementor-widget-wrap elementor-element-populated\">\n\t\t\t\t\t\t<div class=\"elementor-element elementor-element-419ed81 elementor-widget elementor-widget-text-editor\" data-id=\"419ed81\" data-element_type=\"widget\" data-widget_type=\"text-editor.default\">\n\t\t\t\t<div class=\"elementor-widget-container\">\n\t\t\t\t\t\t\t\t\t<p>Con una visi\u00f3n clara hacia el futuro, esta promoci\u00f3n est\u00e1 preparada para dejar huella en el mundo. Su creatividad, trabajo en equipo y pasi\u00f3n por el aprendizaje son el legado que llevan consigo, marcando un ejemplo inspirador para las generaciones venideras. \u00a1El Colegio Fray Mart\u00edn se enorgullece de cada uno de ustedes!<\/p>\t\t\t\t\t\t\t\t<\/div>\n\t\t\t\t<\/div>\n\t\t\t\t\t<\/div>\n\t\t<\/div>\n\t\t\t\t<div class=\"elementor-column elementor-col-50 elementor-top-column elementor-element elementor-element-1deb9e7\" data-id=\"1deb9e7\" data-element_type=\"column\">\n\t\t\t<div class=\"elementor-widget-wrap elementor-element-populated\">\n\t\t\t\t\t\t<div class=\"elementor-element elementor-element-96a02fa elementor-widget elementor-widget-image\" data-id=\"96a02fa\" data-element_type=\"widget\" data-widget_type=\"image.default\">\n\t\t\t\t<div class=\"elementor-widget-container\">\n\t\t\t\t\t\t\t\t\t\t\t\t\t\t\t<img decoding=\"async\" width=\"640\" height=\"241\" src=\"https:\/\/colegiofraymartin.edu.pe\/nportal\/wp-content\/uploads\/2024\/12\/promo05-1024x385.png\" class=\"attachment-large size-large wp-image-2186\" alt=\"\" srcset=\"https:\/\/colegiofraymartin.edu.pe\/nportal\/wp-content\/uploads\/2024\/12\/promo05-1024x385.png 1024w, https:\/\/colegiofraymartin.edu.pe\/nportal\/wp-content\/uploads\/2024\/12\/promo05-300x113.png 300w, https:\/\/colegiofraymartin.edu.pe\/nportal\/wp-content\/uploads\/2024\/12\/promo05-768x289.png 768w, https:\/\/colegiofraymartin.edu.pe\/nportal\/wp-content\/uploads\/2024\/12\/promo05-1536x577.png 1536w, https:\/\/colegiofraymartin.edu.pe\/nportal\/wp-content\/uploads\/2024\/12\/promo05.png 1812w\" sizes=\"(max-width: 640px) 100vw, 640px\" \/>\t\t\t\t\t\t\t\t\t\t\t\t\t\t\t<\/div>\n\t\t\t\t<\/div>\n\t\t\t\t\t<\/div>\n\t\t<\/div>\n\t\t\t\t\t<\/div>\n\t\t<\/section>\n\t\t\t\t<section class=\"elementor-section elementor-top-section elementor-element elementor-element-202656c elementor-section-full_width elementor-section-height-default elementor-section-height-default\" data-id=\"202656c\" data-element_type=\"section\" data-settings=\"{&quot;shape_divider_top&quot;:&quot;book&quot;,&quot;shape_divider_bottom&quot;:&quot;book&quot;}\">\n\t\t\t\t\t<div class=\"elementor-shape elementor-shape-top\" aria-hidden=\"true\" data-negative=\"false\">\n\t\t\t<svg xmlns=\"http:\/\/www.w3.org\/2000\/svg\" viewBox=\"0 0 1000 100\" preserveAspectRatio=\"none\">\n\t<path class=\"elementor-shape-fill\" d=\"M194,99c186.7,0.7,305-78.3,306-97.2c1,18.9,119.3,97.9,306,97.2c114.3-0.3,194,0.3,194,0.3s0-91.7,0-100c0,0,0,0,0-0 L0,0v99.3C0,99.3,79.7,98.7,194,99z\"\/>\n<\/svg>\t\t<\/div>\n\t\t\t\t<div class=\"elementor-shape elementor-shape-bottom\" aria-hidden=\"true\" data-negative=\"false\">\n\t\t\t<svg xmlns=\"http:\/\/www.w3.org\/2000\/svg\" viewBox=\"0 0 1000 100\" preserveAspectRatio=\"none\">\n\t<path class=\"elementor-shape-fill\" d=\"M194,99c186.7,0.7,305-78.3,306-97.2c1,18.9,119.3,97.9,306,97.2c114.3-0.3,194,0.3,194,0.3s0-91.7,0-100c0,0,0,0,0-0 L0,0v99.3C0,99.3,79.7,98.7,194,99z\"\/>\n<\/svg>\t\t<\/div>\n\t\t\t\t\t<div class=\"elementor-container elementor-column-gap-default\">\n\t\t\t\t\t<div class=\"elementor-column elementor-col-50 elementor-top-column elementor-element elementor-element-ee7ddf7\" data-id=\"ee7ddf7\" data-element_type=\"column\">\n\t\t\t<div class=\"elementor-widget-wrap elementor-element-populated\">\n\t\t\t\t\t\t<div class=\"elementor-element elementor-element-c5f8919 elementor-widget elementor-widget-image\" data-id=\"c5f8919\" data-element_type=\"widget\" data-widget_type=\"image.default\">\n\t\t\t\t<div class=\"elementor-widget-container\">\n\t\t\t\t\t\t\t\t\t\t\t\t\t\t\t<img loading=\"lazy\" decoding=\"async\" width=\"640\" height=\"821\" src=\"https:\/\/colegiofraymartin.edu.pe\/nportal\/wp-content\/uploads\/2024\/12\/promo03-798x1024.png\" class=\"attachment-large size-large wp-image-2188\" alt=\"\" srcset=\"https:\/\/colegiofraymartin.edu.pe\/nportal\/wp-content\/uploads\/2024\/12\/promo03-798x1024.png 798w, https:\/\/colegiofraymartin.edu.pe\/nportal\/wp-content\/uploads\/2024\/12\/promo03-234x300.png 234w, https:\/\/colegiofraymartin.edu.pe\/nportal\/wp-content\/uploads\/2024\/12\/promo03-768x986.png 768w, https:\/\/colegiofraymartin.edu.pe\/nportal\/wp-content\/uploads\/2024\/12\/promo03.png 1068w\" sizes=\"(max-width: 640px) 100vw, 640px\" \/>\t\t\t\t\t\t\t\t\t\t\t\t\t\t\t<\/div>\n\t\t\t\t<\/div>\n\t\t\t\t\t<\/div>\n\t\t<\/div>\n\t\t\t\t<div class=\"elementor-column elementor-col-50 elementor-top-column elementor-element elementor-element-d8fc881\" data-id=\"d8fc881\" data-element_type=\"column\">\n\t\t\t<div class=\"elementor-widget-wrap elementor-element-populated\">\n\t\t\t\t\t\t<div class=\"elementor-element elementor-element-b32728c elementor-widget elementor-widget-image\" data-id=\"b32728c\" data-element_type=\"widget\" data-widget_type=\"image.default\">\n\t\t\t\t<div class=\"elementor-widget-container\">\n\t\t\t\t\t\t\t\t\t\t\t\t\t\t\t<img loading=\"lazy\" decoding=\"async\" width=\"640\" height=\"999\" src=\"https:\/\/colegiofraymartin.edu.pe\/nportal\/wp-content\/uploads\/2024\/12\/promo04-656x1024.png\" class=\"attachment-large size-large wp-image-2187\" alt=\"\" srcset=\"https:\/\/colegiofraymartin.edu.pe\/nportal\/wp-content\/uploads\/2024\/12\/promo04-656x1024.png 656w, https:\/\/colegiofraymartin.edu.pe\/nportal\/wp-content\/uploads\/2024\/12\/promo04-192x300.png 192w, https:\/\/colegiofraymartin.edu.pe\/nportal\/wp-content\/uploads\/2024\/12\/promo04-768x1199.png 768w, https:\/\/colegiofraymartin.edu.pe\/nportal\/wp-content\/uploads\/2024\/12\/promo04-984x1536.png 984w, https:\/\/colegiofraymartin.edu.pe\/nportal\/wp-content\/uploads\/2024\/12\/promo04.png 1020w\" sizes=\"(max-width: 640px) 100vw, 640px\" \/>\t\t\t\t\t\t\t\t\t\t\t\t\t\t\t<\/div>\n\t\t\t\t<\/div>\n\t\t\t\t\t<\/div>\n\t\t<\/div>\n\t\t\t\t\t<\/div>\n\t\t<\/section>\n\t\t\t\t<\/div>\n\t\t","protected":false},"excerpt":{"rendered":"<p>Colegio Fray Martin Promoci\u00f3n 2024 PHYSIUS Promoci\u00f3n 2024: L\u00edderes del Futuro Excelencia, valores y visi\u00f3n desde el Colegio Fray Mart\u00edn de Arequipa La Promoci\u00f3n 2024 del Colegio Fray Mart\u00edn es el reflejo de una generaci\u00f3n que combina excelencia acad\u00e9mica con principios s\u00f3lidos. Han demostrado ser l\u00edderes responsables, innovadores y comprometidos con su entorno, destac\u00e1ndose en cada desaf\u00edo que han enfrentado [&hellip;]<\/p>\n","protected":false},"author":2,"featured_media":0,"parent":0,"menu_order":0,"comment_status":"closed","ping_status":"closed","template":"elementor_header_footer","meta":{"_joinchat":[],"footnotes":""},"class_list":["post-2191","page","type-page","status-publish","hentry"],"yoast_head":"<!-- This site is optimized with the Yoast SEO plugin v26.1.1 - https:\/\/yoast.com\/wordpress\/plugins\/seo\/ -->\n<title>Promoci\u00f3n 2024 - Colegio Fray Martin<\/title>\n<meta name=\"robots\" content=\"index, follow, max-snippet:-1, max-image-preview:large, max-video-preview:-1\" \/>\n<link rel=\"canonical\" href=\"https:\/\/colegiofraymartin.edu.pe\/nportal\/promocion-2024\/\" \/>\n<meta property=\"og:locale\" content=\"es_ES\" \/>\n<meta property=\"og:type\" content=\"article\" \/>\n<meta property=\"og:title\" content=\"Promoci\u00f3n 2024 - Colegio Fray Martin\" \/>\n<meta property=\"og:description\" content=\"Colegio Fray Martin Promoci\u00f3n 2024 PHYSIUS Promoci\u00f3n 2024: L\u00edderes del Futuro Excelencia, valores y visi\u00f3n desde el Colegio Fray Mart\u00edn de Arequipa La Promoci\u00f3n 2024 del Colegio Fray Mart\u00edn es el reflejo de una generaci\u00f3n que combina excelencia acad\u00e9mica con principios s\u00f3lidos. Han demostrado ser l\u00edderes responsables, innovadores y comprometidos con su entorno, destac\u00e1ndose en cada desaf\u00edo que han enfrentado [&hellip;]\" \/>\n<meta property=\"og:url\" content=\"https:\/\/colegiofraymartin.edu.pe\/nportal\/promocion-2024\/\" \/>\n<meta property=\"og:site_name\" content=\"Colegio Fray Martin\" \/>\n<meta property=\"article:publisher\" content=\"https:\/\/www.facebook.com\/profile.php?id=61552163747963&amp;locale=es_LA\" \/>\n<meta property=\"article:modified_time\" content=\"2024-12-15T18:00:01+00:00\" \/>\n<meta property=\"og:image\" content=\"https:\/\/colegiofraymartin.edu.pe\/nportal\/wp-content\/uploads\/2024\/12\/promo02.png\" \/>\n\t<meta property=\"og:image:width\" content=\"1065\" \/>\n\t<meta property=\"og:image:height\" content=\"906\" \/>\n\t<meta property=\"og:image:type\" content=\"image\/png\" \/>\n<meta name=\"twitter:card\" content=\"summary_large_image\" \/>\n<meta name=\"twitter:label1\" content=\"Tiempo de lectura\" \/>\n\t<meta name=\"twitter:data1\" content=\"2 minutos\" \/>\n<script type=\"application\/ld+json\" class=\"yoast-schema-graph\">{\"@context\":\"https:\/\/schema.org\",\"@graph\":[{\"@type\":\"WebPage\",\"@id\":\"https:\/\/colegiofraymartin.edu.pe\/nportal\/promocion-2024\/\",\"url\":\"https:\/\/colegiofraymartin.edu.pe\/nportal\/promocion-2024\/\",\"name\":\"Promoci\u00f3n 2024 - Colegio Fray Martin\",\"isPartOf\":{\"@id\":\"https:\/\/colegiofraymartin.edu.pe\/nportal\/#website\"},\"primaryImageOfPage\":{\"@id\":\"https:\/\/colegiofraymartin.edu.pe\/nportal\/promocion-2024\/#primaryimage\"},\"image\":{\"@id\":\"https:\/\/colegiofraymartin.edu.pe\/nportal\/promocion-2024\/#primaryimage\"},\"thumbnailUrl\":\"https:\/\/colegiofraymartin.edu.pe\/nportal\/wp-content\/uploads\/2024\/12\/promo02-1024x871.png\",\"datePublished\":\"2024-12-15T14:50:56+00:00\",\"dateModified\":\"2024-12-15T18:00:01+00:00\",\"breadcrumb\":{\"@id\":\"https:\/\/colegiofraymartin.edu.pe\/nportal\/promocion-2024\/#breadcrumb\"},\"inLanguage\":\"es\",\"potentialAction\":[{\"@type\":\"ReadAction\",\"target\":[\"https:\/\/colegiofraymartin.edu.pe\/nportal\/promocion-2024\/\"]}]},{\"@type\":\"ImageObject\",\"inLanguage\":\"es\",\"@id\":\"https:\/\/colegiofraymartin.edu.pe\/nportal\/promocion-2024\/#primaryimage\",\"url\":\"https:\/\/colegiofraymartin.edu.pe\/nportal\/wp-content\/uploads\/2024\/12\/promo02.png\",\"contentUrl\":\"https:\/\/colegiofraymartin.edu.pe\/nportal\/wp-content\/uploads\/2024\/12\/promo02.png\",\"width\":1065,\"height\":906},{\"@type\":\"BreadcrumbList\",\"@id\":\"https:\/\/colegiofraymartin.edu.pe\/nportal\/promocion-2024\/#breadcrumb\",\"itemListElement\":[{\"@type\":\"ListItem\",\"position\":1,\"name\":\"Portada\",\"item\":\"https:\/\/colegiofraymartin.edu.pe\/nportal\/\"},{\"@type\":\"ListItem\",\"position\":2,\"name\":\"Promoci\u00f3n 2024\"}]},{\"@type\":\"WebSite\",\"@id\":\"https:\/\/colegiofraymartin.edu.pe\/nportal\/#website\",\"url\":\"https:\/\/colegiofraymartin.edu.pe\/nportal\/\",\"name\":\"Colegio Fray Martin\",\"description\":\"Amor, Trabajo y Disciplina\",\"publisher\":{\"@id\":\"https:\/\/colegiofraymartin.edu.pe\/nportal\/#organization\"},\"potentialAction\":[{\"@type\":\"SearchAction\",\"target\":{\"@type\":\"EntryPoint\",\"urlTemplate\":\"https:\/\/colegiofraymartin.edu.pe\/nportal\/?s={search_term_string}\"},\"query-input\":{\"@type\":\"PropertyValueSpecification\",\"valueRequired\":true,\"valueName\":\"search_term_string\"}}],\"inLanguage\":\"es\"},{\"@type\":\"Organization\",\"@id\":\"https:\/\/colegiofraymartin.edu.pe\/nportal\/#organization\",\"name\":\"Colegio Fray Martin\",\"url\":\"https:\/\/colegiofraymartin.edu.pe\/nportal\/\",\"logo\":{\"@type\":\"ImageObject\",\"inLanguage\":\"es\",\"@id\":\"https:\/\/colegiofraymartin.edu.pe\/nportal\/#\/schema\/logo\/image\/\",\"url\":\"https:\/\/colegiofraymartin.edu.pe\/nportal\/wp-content\/uploads\/2023\/08\/TERCERA-INSIGNIA.png\",\"contentUrl\":\"https:\/\/colegiofraymartin.edu.pe\/nportal\/wp-content\/uploads\/2023\/08\/TERCERA-INSIGNIA.png\",\"width\":512,\"height\":588,\"caption\":\"Colegio Fray Martin\"},\"image\":{\"@id\":\"https:\/\/colegiofraymartin.edu.pe\/nportal\/#\/schema\/logo\/image\/\"},\"sameAs\":[\"https:\/\/www.facebook.com\/profile.php?id=61552163747963&locale=es_LA\"]}]}<\/script>\n<!-- \/ Yoast SEO plugin. -->","yoast_head_json":{"title":"Promoci\u00f3n 2024 - Colegio Fray Martin","robots":{"index":"index","follow":"follow","max-snippet":"max-snippet:-1","max-image-preview":"max-image-preview:large","max-video-preview":"max-video-preview:-1"},"canonical":"https:\/\/colegiofraymartin.edu.pe\/nportal\/promocion-2024\/","og_locale":"es_ES","og_type":"article","og_title":"Promoci\u00f3n 2024 - Colegio Fray Martin","og_description":"Colegio Fray Martin Promoci\u00f3n 2024 PHYSIUS Promoci\u00f3n 2024: L\u00edderes del Futuro Excelencia, valores y visi\u00f3n desde el Colegio Fray Mart\u00edn de Arequipa La Promoci\u00f3n 2024 del Colegio Fray Mart\u00edn es el reflejo de una generaci\u00f3n que combina excelencia acad\u00e9mica con principios s\u00f3lidos. Han demostrado ser l\u00edderes responsables, innovadores y comprometidos con su entorno, destac\u00e1ndose en cada desaf\u00edo que han enfrentado [&hellip;]","og_url":"https:\/\/colegiofraymartin.edu.pe\/nportal\/promocion-2024\/","og_site_name":"Colegio Fray Martin","article_publisher":"https:\/\/www.facebook.com\/profile.php?id=61552163747963&locale=es_LA","article_modified_time":"2024-12-15T18:00:01+00:00","og_image":[{"width":1065,"height":906,"url":"https:\/\/colegiofraymartin.edu.pe\/nportal\/wp-content\/uploads\/2024\/12\/promo02.png","type":"image\/png"}],"twitter_card":"summary_large_image","twitter_misc":{"Tiempo de lectura":"2 minutos"},"schema":{"@context":"https:\/\/schema.org","@graph":[{"@type":"WebPage","@id":"https:\/\/colegiofraymartin.edu.pe\/nportal\/promocion-2024\/","url":"https:\/\/colegiofraymartin.edu.pe\/nportal\/promocion-2024\/","name":"Promoci\u00f3n 2024 - Colegio Fray Martin","isPartOf":{"@id":"https:\/\/colegiofraymartin.edu.pe\/nportal\/#website"},"primaryImageOfPage":{"@id":"https:\/\/colegiofraymartin.edu.pe\/nportal\/promocion-2024\/#primaryimage"},"image":{"@id":"https:\/\/colegiofraymartin.edu.pe\/nportal\/promocion-2024\/#primaryimage"},"thumbnailUrl":"https:\/\/colegiofraymartin.edu.pe\/nportal\/wp-content\/uploads\/2024\/12\/promo02-1024x871.png","datePublished":"2024-12-15T14:50:56+00:00","dateModified":"2024-12-15T18:00:01+00:00","breadcrumb":{"@id":"https:\/\/colegiofraymartin.edu.pe\/nportal\/promocion-2024\/#breadcrumb"},"inLanguage":"es","potentialAction":[{"@type":"ReadAction","target":["https:\/\/colegiofraymartin.edu.pe\/nportal\/promocion-2024\/"]}]},{"@type":"ImageObject","inLanguage":"es","@id":"https:\/\/colegiofraymartin.edu.pe\/nportal\/promocion-2024\/#primaryimage","url":"https:\/\/colegiofraymartin.edu.pe\/nportal\/wp-content\/uploads\/2024\/12\/promo02.png","contentUrl":"https:\/\/colegiofraymartin.edu.pe\/nportal\/wp-content\/uploads\/2024\/12\/promo02.png","width":1065,"height":906},{"@type":"BreadcrumbList","@id":"https:\/\/colegiofraymartin.edu.pe\/nportal\/promocion-2024\/#breadcrumb","itemListElement":[{"@type":"ListItem","position":1,"name":"Portada","item":"https:\/\/colegiofraymartin.edu.pe\/nportal\/"},{"@type":"ListItem","position":2,"name":"Promoci\u00f3n 2024"}]},{"@type":"WebSite","@id":"https:\/\/colegiofraymartin.edu.pe\/nportal\/#website","url":"https:\/\/colegiofraymartin.edu.pe\/nportal\/","name":"Colegio Fray Martin","description":"Amor, Trabajo y Disciplina","publisher":{"@id":"https:\/\/colegiofraymartin.edu.pe\/nportal\/#organization"},"potentialAction":[{"@type":"SearchAction","target":{"@type":"EntryPoint","urlTemplate":"https:\/\/colegiofraymartin.edu.pe\/nportal\/?s={search_term_string}"},"query-input":{"@type":"PropertyValueSpecification","valueRequired":true,"valueName":"search_term_string"}}],"inLanguage":"es"},{"@type":"Organization","@id":"https:\/\/colegiofraymartin.edu.pe\/nportal\/#organization","name":"Colegio Fray Martin","url":"https:\/\/colegiofraymartin.edu.pe\/nportal\/","logo":{"@type":"ImageObject","inLanguage":"es","@id":"https:\/\/colegiofraymartin.edu.pe\/nportal\/#\/schema\/logo\/image\/","url":"https:\/\/colegiofraymartin.edu.pe\/nportal\/wp-content\/uploads\/2023\/08\/TERCERA-INSIGNIA.png","contentUrl":"https:\/\/colegiofraymartin.edu.pe\/nportal\/wp-content\/uploads\/2023\/08\/TERCERA-INSIGNIA.png","width":512,"height":588,"caption":"Colegio Fray Martin"},"image":{"@id":"https:\/\/colegiofraymartin.edu.pe\/nportal\/#\/schema\/logo\/image\/"},"sameAs":["https:\/\/www.facebook.com\/profile.php?id=61552163747963&locale=es_LA"]}]}},"_links":{"self":[{"href":"https:\/\/colegiofraymartin.edu.pe\/nportal\/wp-json\/wp\/v2\/pages\/2191","targetHints":{"allow":["GET"]}}],"collection":[{"href":"https:\/\/colegiofraymartin.edu.pe\/nportal\/wp-json\/wp\/v2\/pages"}],"about":[{"href":"https:\/\/colegiofraymartin.edu.pe\/nportal\/wp-json\/wp\/v2\/types\/page"}],"author":[{"embeddable":true,"href":"https:\/\/colegiofraymartin.edu.pe\/nportal\/wp-json\/wp\/v2\/users\/2"}],"replies":[{"embeddable":true,"href":"https:\/\/colegiofraymartin.edu.pe\/nportal\/wp-json\/wp\/v2\/comments?post=2191"}],"version-history":[{"count":7,"href":"https:\/\/colegiofraymartin.edu.pe\/nportal\/wp-json\/wp\/v2\/pages\/2191\/revisions"}],"predecessor-version":[{"id":2205,"href":"https:\/\/colegiofraymartin.edu.pe\/nportal\/wp-json\/wp\/v2\/pages\/2191\/revisions\/2205"}],"wp:attachment":[{"href":"https:\/\/colegiofraymartin.edu.pe\/nportal\/wp-json\/wp\/v2\/media?parent=2191"}],"curies":[{"name":"wp","href":"https:\/\/api.w.org\/{rel}","templated":true}]}}