{"id":1951,"date":"2024-09-02T20:49:18","date_gmt":"2024-09-02T20:49:18","guid":{"rendered":"https:\/\/colegiofraymartin.edu.pe\/nportal\/?page_id=1951"},"modified":"2024-11-15T12:38:05","modified_gmt":"2024-11-15T12:38:05","slug":"logros","status":"publish","type":"page","link":"https:\/\/colegiofraymartin.edu.pe\/nportal\/logros\/","title":{"rendered":"Logros"},"content":{"rendered":"\t\t<div data-elementor-type=\"wp-page\" data-elementor-id=\"1951\" class=\"elementor elementor-1951\" data-elementor-post-type=\"page\">\n\t\t\t\t\t\t<section class=\"elementor-section elementor-top-section elementor-element elementor-element-9b74ef9 elementor-section-stretched elementor-section-height-min-height elementor-section-content-middle elementor-section-full_width elementor-section-height-default elementor-section-items-middle\" data-id=\"9b74ef9\" data-element_type=\"section\" data-settings=\"{&quot;stretch_section&quot;:&quot;section-stretched&quot;,&quot;background_background&quot;:&quot;classic&quot;}\">\n\t\t\t\t\t\t<div class=\"elementor-container elementor-column-gap-default\">\n\t\t\t\t\t<div class=\"elementor-column elementor-col-100 elementor-top-column elementor-element elementor-element-0abfb43\" data-id=\"0abfb43\" data-element_type=\"column\" data-settings=\"{&quot;background_background&quot;:&quot;classic&quot;}\">\n\t\t\t<div class=\"elementor-widget-wrap elementor-element-populated\">\n\t\t\t\t\t<div class=\"elementor-background-overlay\"><\/div>\n\t\t\t\t\t\t<div class=\"elementor-element elementor-element-b610a24 elementor-widget elementor-widget-heading\" data-id=\"b610a24\" data-element_type=\"widget\" data-settings=\"{&quot;_animation_mobile&quot;:&quot;none&quot;}\" data-widget_type=\"heading.default\">\n\t\t\t\t<div class=\"elementor-widget-container\">\n\t\t\t\t\t<h3 class=\"elementor-heading-title elementor-size-default\">Colegio Fray Martin<\/h3>\t\t\t\t<\/div>\n\t\t\t\t<\/div>\n\t\t\t\t<div class=\"elementor-element elementor-element-befbf00 premium-header-block premium-lq__none premium-box-lq__none elementor-widget elementor-widget-premium-addon-dual-header\" data-id=\"befbf00\" data-element_type=\"widget\" data-widget_type=\"premium-addon-dual-header.default\">\n\t\t\t\t<div class=\"elementor-widget-container\">\n\t\t\t\t\t\n\t\t\t\t\t<h2 class=\"premium-dual-header-first-header  gradient\"><span class=\"premium-dual-header-first-span\"> <\/span><span class=\"premium-dual-header-second-header \">Logros<\/span><\/h2> \t\t\n\t\t\t\t\t\t<\/div>\n\t\t\t\t<\/div>\n\t\t\t\t\t<\/div>\n\t\t<\/div>\n\t\t\t\t\t<\/div>\n\t\t<\/section>\n\t\t\t\t<section class=\"elementor-section elementor-top-section elementor-element elementor-element-0bd3e1e elementor-section-full_width elementor-section-stretched elementor-section-height-default elementor-section-height-default\" data-id=\"0bd3e1e\" data-element_type=\"section\" data-settings=\"{&quot;stretch_section&quot;:&quot;section-stretched&quot;,&quot;background_background&quot;:&quot;classic&quot;}\">\n\t\t\t\t\t\t<div class=\"elementor-container elementor-column-gap-default\">\n\t\t\t\t\t<div class=\"elementor-column elementor-col-50 elementor-top-column elementor-element elementor-element-cc64033\" data-id=\"cc64033\" data-element_type=\"column\">\n\t\t\t<div class=\"elementor-widget-wrap elementor-element-populated\">\n\t\t\t\t\t\t<section class=\"elementor-section elementor-inner-section elementor-element elementor-element-2cca45d elementor-section-content-bottom elementor-section-boxed elementor-section-height-default elementor-section-height-default\" data-id=\"2cca45d\" data-element_type=\"section\">\n\t\t\t\t\t\t<div class=\"elementor-container elementor-column-gap-default\">\n\t\t\t\t\t<div class=\"elementor-column elementor-col-50 elementor-inner-column elementor-element elementor-element-6ee21f1\" data-id=\"6ee21f1\" data-element_type=\"column\">\n\t\t\t<div class=\"elementor-widget-wrap elementor-element-populated\">\n\t\t\t\t\t\t<div class=\"elementor-element elementor-element-4936241 premium-header-block premium-lq__none premium-box-lq__none elementor-widget elementor-widget-premium-addon-dual-header\" data-id=\"4936241\" data-element_type=\"widget\" data-widget_type=\"premium-addon-dual-header.default\">\n\t\t\t\t<div class=\"elementor-widget-container\">\n\t\t\t\t\t\n\t\t\t\t\t<h2 class=\"premium-dual-header-first-header \"><span class=\"premium-dual-header-first-span\">\u00a1Campeones de Ajedrez Sub-16!  <\/span><span class=\"premium-dual-header-second-header \">Orgullo del Colegio Fray Mart\u00edn<\/span><\/h2> \t\t\n\t\t\t\t\t\t<\/div>\n\t\t\t\t<\/div>\n\t\t\t\t\t<\/div>\n\t\t<\/div>\n\t\t\t\t<div class=\"elementor-column elementor-col-50 elementor-inner-column elementor-element elementor-element-7cdfe6b\" data-id=\"7cdfe6b\" data-element_type=\"column\">\n\t\t\t<div class=\"elementor-widget-wrap elementor-element-populated\">\n\t\t\t\t\t\t<div class=\"elementor-element elementor-element-cef767f elementor-widget elementor-widget-text-editor\" data-id=\"cef767f\" data-element_type=\"widget\" data-widget_type=\"text-editor.default\">\n\t\t\t\t<div class=\"elementor-widget-container\">\n\t\t\t\t\t\t\t\t\t<p>\u00a1Celebramos un gran logro! Nos enorgullece anunciar que el Colegio Fray Mart\u00edn ha obtenido el primer lugar en el II Torneo Interescolar de Ajedrez 2024. Nuestro talentoso estudiante se coron\u00f3 campe\u00f3n en la categor\u00eda sub-16, destac\u00e1ndose entre los mejores de Arequipa. El torneo, organizado por la Liga Deportiva Distrital de Ajedrez de Arequipa, se llev\u00f3 a cabo el 1 de septiembre de 2024, y nos llena de alegr\u00eda ver c\u00f3mo nuestro compromiso con la excelencia se refleja en los logros de nuestros estudiantes. \u00a1Felicitaciones a nuestro campe\u00f3n y a todos los que hicieron posible este triunfo!<\/p>\t\t\t\t\t\t\t\t<\/div>\n\t\t\t\t<\/div>\n\t\t\t\t\t<\/div>\n\t\t<\/div>\n\t\t\t\t\t<\/div>\n\t\t<\/section>\n\t\t\t\t\t<\/div>\n\t\t<\/div>\n\t\t\t\t<div class=\"elementor-column elementor-col-50 elementor-top-column elementor-element elementor-element-2a4b834\" data-id=\"2a4b834\" data-element_type=\"column\" data-settings=\"{&quot;background_background&quot;:&quot;classic&quot;}\">\n\t\t\t<div class=\"elementor-widget-wrap elementor-element-populated\">\n\t\t\t\t\t\t<div class=\"elementor-element elementor-element-1452b22 elementor-widget elementor-widget-image\" data-id=\"1452b22\" data-element_type=\"widget\" data-widget_type=\"image.default\">\n\t\t\t\t<div class=\"elementor-widget-container\">\n\t\t\t\t\t\t\t\t\t\t\t\t\t\t\t<img fetchpriority=\"high\" decoding=\"async\" width=\"640\" height=\"738\" src=\"https:\/\/colegiofraymartin.edu.pe\/nportal\/wp-content\/uploads\/2024\/09\/capeonato_ajedrez.jpg\" class=\"attachment-large size-large wp-image-1954\" alt=\"\" srcset=\"https:\/\/colegiofraymartin.edu.pe\/nportal\/wp-content\/uploads\/2024\/09\/capeonato_ajedrez.jpg 833w, https:\/\/colegiofraymartin.edu.pe\/nportal\/wp-content\/uploads\/2024\/09\/capeonato_ajedrez-260x300.jpg 260w, https:\/\/colegiofraymartin.edu.pe\/nportal\/wp-content\/uploads\/2024\/09\/capeonato_ajedrez-768x885.jpg 768w\" sizes=\"(max-width: 640px) 100vw, 640px\" \/>\t\t\t\t\t\t\t\t\t\t\t\t\t\t\t<\/div>\n\t\t\t\t<\/div>\n\t\t\t\t\t<\/div>\n\t\t<\/div>\n\t\t\t\t\t<\/div>\n\t\t<\/section>\n\t\t\t\t<\/div>\n\t\t","protected":false},"excerpt":{"rendered":"<p>Colegio Fray Martin Logros \u00a1Campeones de Ajedrez Sub-16! Orgullo del Colegio Fray Mart\u00edn \u00a1Celebramos un gran logro! Nos enorgullece anunciar que el Colegio Fray Mart\u00edn ha obtenido el primer lugar en el II Torneo Interescolar de Ajedrez 2024. Nuestro talentoso estudiante se coron\u00f3 campe\u00f3n en la categor\u00eda sub-16, destac\u00e1ndose entre los mejores de Arequipa. El torneo, organizado por la Liga [&hellip;]<\/p>\n","protected":false},"author":2,"featured_media":0,"parent":0,"menu_order":0,"comment_status":"closed","ping_status":"closed","template":"elementor_header_footer","meta":{"_joinchat":[],"footnotes":""},"class_list":["post-1951","page","type-page","status-publish","hentry"],"yoast_head":"<!-- This site is optimized with the Yoast SEO plugin v26.1.1 - https:\/\/yoast.com\/wordpress\/plugins\/seo\/ -->\n<title>Logros - Colegio Fray Martin<\/title>\n<meta name=\"robots\" content=\"index, follow, max-snippet:-1, max-image-preview:large, max-video-preview:-1\" \/>\n<link rel=\"canonical\" href=\"https:\/\/colegiofraymartin.edu.pe\/nportal\/logros\/\" \/>\n<meta property=\"og:locale\" content=\"es_ES\" \/>\n<meta property=\"og:type\" content=\"article\" \/>\n<meta property=\"og:title\" content=\"Logros - Colegio Fray Martin\" \/>\n<meta property=\"og:description\" content=\"Colegio Fray Martin Logros \u00a1Campeones de Ajedrez Sub-16! Orgullo del Colegio Fray Mart\u00edn \u00a1Celebramos un gran logro! Nos enorgullece anunciar que el Colegio Fray Mart\u00edn ha obtenido el primer lugar en el II Torneo Interescolar de Ajedrez 2024. Nuestro talentoso estudiante se coron\u00f3 campe\u00f3n en la categor\u00eda sub-16, destac\u00e1ndose entre los mejores de Arequipa. El torneo, organizado por la Liga [&hellip;]\" \/>\n<meta property=\"og:url\" content=\"https:\/\/colegiofraymartin.edu.pe\/nportal\/logros\/\" \/>\n<meta property=\"og:site_name\" content=\"Colegio Fray Martin\" \/>\n<meta property=\"article:publisher\" content=\"https:\/\/www.facebook.com\/profile.php?id=61552163747963&amp;locale=es_LA\" \/>\n<meta property=\"article:modified_time\" content=\"2024-11-15T12:38:05+00:00\" \/>\n<meta property=\"og:image\" content=\"https:\/\/colegiofraymartin.edu.pe\/nportal\/wp-content\/uploads\/2024\/09\/capeonato_ajedrez.jpg\" \/>\n\t<meta property=\"og:image:width\" content=\"833\" \/>\n\t<meta property=\"og:image:height\" content=\"960\" \/>\n\t<meta property=\"og:image:type\" content=\"image\/jpeg\" \/>\n<meta name=\"twitter:card\" content=\"summary_large_image\" \/>\n<meta name=\"twitter:label1\" content=\"Tiempo de lectura\" \/>\n\t<meta name=\"twitter:data1\" content=\"1 minuto\" \/>\n<script type=\"application\/ld+json\" class=\"yoast-schema-graph\">{\"@context\":\"https:\/\/schema.org\",\"@graph\":[{\"@type\":\"WebPage\",\"@id\":\"https:\/\/colegiofraymartin.edu.pe\/nportal\/logros\/\",\"url\":\"https:\/\/colegiofraymartin.edu.pe\/nportal\/logros\/\",\"name\":\"Logros - Colegio Fray Martin\",\"isPartOf\":{\"@id\":\"https:\/\/colegiofraymartin.edu.pe\/nportal\/#website\"},\"primaryImageOfPage\":{\"@id\":\"https:\/\/colegiofraymartin.edu.pe\/nportal\/logros\/#primaryimage\"},\"image\":{\"@id\":\"https:\/\/colegiofraymartin.edu.pe\/nportal\/logros\/#primaryimage\"},\"thumbnailUrl\":\"https:\/\/colegiofraymartin.edu.pe\/nportal\/wp-content\/uploads\/2024\/09\/capeonato_ajedrez.jpg\",\"datePublished\":\"2024-09-02T20:49:18+00:00\",\"dateModified\":\"2024-11-15T12:38:05+00:00\",\"breadcrumb\":{\"@id\":\"https:\/\/colegiofraymartin.edu.pe\/nportal\/logros\/#breadcrumb\"},\"inLanguage\":\"es\",\"potentialAction\":[{\"@type\":\"ReadAction\",\"target\":[\"https:\/\/colegiofraymartin.edu.pe\/nportal\/logros\/\"]}]},{\"@type\":\"ImageObject\",\"inLanguage\":\"es\",\"@id\":\"https:\/\/colegiofraymartin.edu.pe\/nportal\/logros\/#primaryimage\",\"url\":\"https:\/\/colegiofraymartin.edu.pe\/nportal\/wp-content\/uploads\/2024\/09\/capeonato_ajedrez.jpg\",\"contentUrl\":\"https:\/\/colegiofraymartin.edu.pe\/nportal\/wp-content\/uploads\/2024\/09\/capeonato_ajedrez.jpg\",\"width\":833,\"height\":960},{\"@type\":\"BreadcrumbList\",\"@id\":\"https:\/\/colegiofraymartin.edu.pe\/nportal\/logros\/#breadcrumb\",\"itemListElement\":[{\"@type\":\"ListItem\",\"position\":1,\"name\":\"Portada\",\"item\":\"https:\/\/colegiofraymartin.edu.pe\/nportal\/\"},{\"@type\":\"ListItem\",\"position\":2,\"name\":\"Logros\"}]},{\"@type\":\"WebSite\",\"@id\":\"https:\/\/colegiofraymartin.edu.pe\/nportal\/#website\",\"url\":\"https:\/\/colegiofraymartin.edu.pe\/nportal\/\",\"name\":\"Colegio Fray Martin\",\"description\":\"Amor, Trabajo y Disciplina\",\"publisher\":{\"@id\":\"https:\/\/colegiofraymartin.edu.pe\/nportal\/#organization\"},\"potentialAction\":[{\"@type\":\"SearchAction\",\"target\":{\"@type\":\"EntryPoint\",\"urlTemplate\":\"https:\/\/colegiofraymartin.edu.pe\/nportal\/?s={search_term_string}\"},\"query-input\":{\"@type\":\"PropertyValueSpecification\",\"valueRequired\":true,\"valueName\":\"search_term_string\"}}],\"inLanguage\":\"es\"},{\"@type\":\"Organization\",\"@id\":\"https:\/\/colegiofraymartin.edu.pe\/nportal\/#organization\",\"name\":\"Colegio Fray Martin\",\"url\":\"https:\/\/colegiofraymartin.edu.pe\/nportal\/\",\"logo\":{\"@type\":\"ImageObject\",\"inLanguage\":\"es\",\"@id\":\"https:\/\/colegiofraymartin.edu.pe\/nportal\/#\/schema\/logo\/image\/\",\"url\":\"https:\/\/colegiofraymartin.edu.pe\/nportal\/wp-content\/uploads\/2023\/08\/TERCERA-INSIGNIA.png\",\"contentUrl\":\"https:\/\/colegiofraymartin.edu.pe\/nportal\/wp-content\/uploads\/2023\/08\/TERCERA-INSIGNIA.png\",\"width\":512,\"height\":588,\"caption\":\"Colegio Fray Martin\"},\"image\":{\"@id\":\"https:\/\/colegiofraymartin.edu.pe\/nportal\/#\/schema\/logo\/image\/\"},\"sameAs\":[\"https:\/\/www.facebook.com\/profile.php?id=61552163747963&locale=es_LA\"]}]}<\/script>\n<!-- \/ Yoast SEO plugin. -->","yoast_head_json":{"title":"Logros - Colegio Fray Martin","robots":{"index":"index","follow":"follow","max-snippet":"max-snippet:-1","max-image-preview":"max-image-preview:large","max-video-preview":"max-video-preview:-1"},"canonical":"https:\/\/colegiofraymartin.edu.pe\/nportal\/logros\/","og_locale":"es_ES","og_type":"article","og_title":"Logros - Colegio Fray Martin","og_description":"Colegio Fray Martin Logros \u00a1Campeones de Ajedrez Sub-16! Orgullo del Colegio Fray Mart\u00edn \u00a1Celebramos un gran logro! Nos enorgullece anunciar que el Colegio Fray Mart\u00edn ha obtenido el primer lugar en el II Torneo Interescolar de Ajedrez 2024. Nuestro talentoso estudiante se coron\u00f3 campe\u00f3n en la categor\u00eda sub-16, destac\u00e1ndose entre los mejores de Arequipa. El torneo, organizado por la Liga [&hellip;]","og_url":"https:\/\/colegiofraymartin.edu.pe\/nportal\/logros\/","og_site_name":"Colegio Fray Martin","article_publisher":"https:\/\/www.facebook.com\/profile.php?id=61552163747963&locale=es_LA","article_modified_time":"2024-11-15T12:38:05+00:00","og_image":[{"width":833,"height":960,"url":"https:\/\/colegiofraymartin.edu.pe\/nportal\/wp-content\/uploads\/2024\/09\/capeonato_ajedrez.jpg","type":"image\/jpeg"}],"twitter_card":"summary_large_image","twitter_misc":{"Tiempo de lectura":"1 minuto"},"schema":{"@context":"https:\/\/schema.org","@graph":[{"@type":"WebPage","@id":"https:\/\/colegiofraymartin.edu.pe\/nportal\/logros\/","url":"https:\/\/colegiofraymartin.edu.pe\/nportal\/logros\/","name":"Logros - Colegio Fray Martin","isPartOf":{"@id":"https:\/\/colegiofraymartin.edu.pe\/nportal\/#website"},"primaryImageOfPage":{"@id":"https:\/\/colegiofraymartin.edu.pe\/nportal\/logros\/#primaryimage"},"image":{"@id":"https:\/\/colegiofraymartin.edu.pe\/nportal\/logros\/#primaryimage"},"thumbnailUrl":"https:\/\/colegiofraymartin.edu.pe\/nportal\/wp-content\/uploads\/2024\/09\/capeonato_ajedrez.jpg","datePublished":"2024-09-02T20:49:18+00:00","dateModified":"2024-11-15T12:38:05+00:00","breadcrumb":{"@id":"https:\/\/colegiofraymartin.edu.pe\/nportal\/logros\/#breadcrumb"},"inLanguage":"es","potentialAction":[{"@type":"ReadAction","target":["https:\/\/colegiofraymartin.edu.pe\/nportal\/logros\/"]}]},{"@type":"ImageObject","inLanguage":"es","@id":"https:\/\/colegiofraymartin.edu.pe\/nportal\/logros\/#primaryimage","url":"https:\/\/colegiofraymartin.edu.pe\/nportal\/wp-content\/uploads\/2024\/09\/capeonato_ajedrez.jpg","contentUrl":"https:\/\/colegiofraymartin.edu.pe\/nportal\/wp-content\/uploads\/2024\/09\/capeonato_ajedrez.jpg","width":833,"height":960},{"@type":"BreadcrumbList","@id":"https:\/\/colegiofraymartin.edu.pe\/nportal\/logros\/#breadcrumb","itemListElement":[{"@type":"ListItem","position":1,"name":"Portada","item":"https:\/\/colegiofraymartin.edu.pe\/nportal\/"},{"@type":"ListItem","position":2,"name":"Logros"}]},{"@type":"WebSite","@id":"https:\/\/colegiofraymartin.edu.pe\/nportal\/#website","url":"https:\/\/colegiofraymartin.edu.pe\/nportal\/","name":"Colegio Fray Martin","description":"Amor, Trabajo y Disciplina","publisher":{"@id":"https:\/\/colegiofraymartin.edu.pe\/nportal\/#organization"},"potentialAction":[{"@type":"SearchAction","target":{"@type":"EntryPoint","urlTemplate":"https:\/\/colegiofraymartin.edu.pe\/nportal\/?s={search_term_string}"},"query-input":{"@type":"PropertyValueSpecification","valueRequired":true,"valueName":"search_term_string"}}],"inLanguage":"es"},{"@type":"Organization","@id":"https:\/\/colegiofraymartin.edu.pe\/nportal\/#organization","name":"Colegio Fray Martin","url":"https:\/\/colegiofraymartin.edu.pe\/nportal\/","logo":{"@type":"ImageObject","inLanguage":"es","@id":"https:\/\/colegiofraymartin.edu.pe\/nportal\/#\/schema\/logo\/image\/","url":"https:\/\/colegiofraymartin.edu.pe\/nportal\/wp-content\/uploads\/2023\/08\/TERCERA-INSIGNIA.png","contentUrl":"https:\/\/colegiofraymartin.edu.pe\/nportal\/wp-content\/uploads\/2023\/08\/TERCERA-INSIGNIA.png","width":512,"height":588,"caption":"Colegio Fray Martin"},"image":{"@id":"https:\/\/colegiofraymartin.edu.pe\/nportal\/#\/schema\/logo\/image\/"},"sameAs":["https:\/\/www.facebook.com\/profile.php?id=61552163747963&locale=es_LA"]}]}},"_links":{"self":[{"href":"https:\/\/colegiofraymartin.edu.pe\/nportal\/wp-json\/wp\/v2\/pages\/1951","targetHints":{"allow":["GET"]}}],"collection":[{"href":"https:\/\/colegiofraymartin.edu.pe\/nportal\/wp-json\/wp\/v2\/pages"}],"about":[{"href":"https:\/\/colegiofraymartin.edu.pe\/nportal\/wp-json\/wp\/v2\/types\/page"}],"author":[{"embeddable":true,"href":"https:\/\/colegiofraymartin.edu.pe\/nportal\/wp-json\/wp\/v2\/users\/2"}],"replies":[{"embeddable":true,"href":"https:\/\/colegiofraymartin.edu.pe\/nportal\/wp-json\/wp\/v2\/comments?post=1951"}],"version-history":[{"count":22,"href":"https:\/\/colegiofraymartin.edu.pe\/nportal\/wp-json\/wp\/v2\/pages\/1951\/revisions"}],"predecessor-version":[{"id":2131,"href":"https:\/\/colegiofraymartin.edu.pe\/nportal\/wp-json\/wp\/v2\/pages\/1951\/revisions\/2131"}],"wp:attachment":[{"href":"https:\/\/colegiofraymartin.edu.pe\/nportal\/wp-json\/wp\/v2\/media?parent=1951"}],"curies":[{"name":"wp","href":"https:\/\/api.w.org\/{rel}","templated":true}]}}