{"id":1813,"date":"2024-01-17T00:24:23","date_gmt":"2024-01-17T00:24:23","guid":{"rendered":"https:\/\/colegiofraymartin.edu.pe\/nportal\/?page_id=1813"},"modified":"2024-11-15T12:37:51","modified_gmt":"2024-11-15T12:37:51","slug":"talleres-extracurriculares","status":"publish","type":"page","link":"https:\/\/colegiofraymartin.edu.pe\/nportal\/talleres-extracurriculares\/","title":{"rendered":"Talleres extracurriculares"},"content":{"rendered":"\t\t<div data-elementor-type=\"wp-page\" data-elementor-id=\"1813\" class=\"elementor elementor-1813\" data-elementor-post-type=\"page\">\n\t\t\t\t\t\t<section class=\"elementor-section elementor-top-section elementor-element elementor-element-618c979 elementor-section-stretched elementor-section-height-min-height elementor-section-content-middle elementor-section-full_width elementor-section-height-default elementor-section-items-middle\" data-id=\"618c979\" data-element_type=\"section\" data-settings=\"{&quot;stretch_section&quot;:&quot;section-stretched&quot;,&quot;background_background&quot;:&quot;classic&quot;}\">\n\t\t\t\t\t\t<div class=\"elementor-container elementor-column-gap-default\">\n\t\t\t\t\t<div class=\"elementor-column elementor-col-100 elementor-top-column elementor-element elementor-element-43579fe\" data-id=\"43579fe\" data-element_type=\"column\" data-settings=\"{&quot;background_background&quot;:&quot;classic&quot;}\">\n\t\t\t<div class=\"elementor-widget-wrap elementor-element-populated\">\n\t\t\t\t\t<div class=\"elementor-background-overlay\"><\/div>\n\t\t\t\t\t\t<div class=\"elementor-element elementor-element-0fb84c5 elementor-widget elementor-widget-heading\" data-id=\"0fb84c5\" data-element_type=\"widget\" data-settings=\"{&quot;_animation_mobile&quot;:&quot;none&quot;}\" data-widget_type=\"heading.default\">\n\t\t\t\t<div class=\"elementor-widget-container\">\n\t\t\t\t\t<h3 class=\"elementor-heading-title elementor-size-default\">Colegio Fray Martin<\/h3>\t\t\t\t<\/div>\n\t\t\t\t<\/div>\n\t\t\t\t<div class=\"elementor-element elementor-element-9cb677a premium-header-block premium-lq__none premium-box-lq__none elementor-widget elementor-widget-premium-addon-dual-header\" data-id=\"9cb677a\" data-element_type=\"widget\" data-widget_type=\"premium-addon-dual-header.default\">\n\t\t\t\t<div class=\"elementor-widget-container\">\n\t\t\t\t\t\n\t\t\t\t\t<h2 class=\"premium-dual-header-first-header  gradient\"><span class=\"premium-dual-header-first-span\"> <\/span><span class=\"premium-dual-header-second-header \">Talleres Extracurriculares<\/span><\/h2> \t\t\n\t\t\t\t\t\t<\/div>\n\t\t\t\t<\/div>\n\t\t\t\t\t<\/div>\n\t\t<\/div>\n\t\t\t\t\t<\/div>\n\t\t<\/section>\n\t\t\t\t<section class=\"elementor-section elementor-top-section elementor-element elementor-element-1e87e89 elementor-section-full_width elementor-section-stretched elementor-section-height-default elementor-section-height-default\" data-id=\"1e87e89\" data-element_type=\"section\" data-settings=\"{&quot;stretch_section&quot;:&quot;section-stretched&quot;,&quot;background_background&quot;:&quot;classic&quot;}\">\n\t\t\t\t\t\t<div class=\"elementor-container elementor-column-gap-default\">\n\t\t\t\t\t<div class=\"elementor-column elementor-col-50 elementor-top-column elementor-element elementor-element-0966922\" data-id=\"0966922\" data-element_type=\"column\">\n\t\t\t<div class=\"elementor-widget-wrap elementor-element-populated\">\n\t\t\t\t\t\t<section class=\"elementor-section elementor-inner-section elementor-element elementor-element-67fd32e elementor-section-content-bottom elementor-section-boxed elementor-section-height-default elementor-section-height-default\" data-id=\"67fd32e\" data-element_type=\"section\">\n\t\t\t\t\t\t<div class=\"elementor-container elementor-column-gap-default\">\n\t\t\t\t\t<div class=\"elementor-column elementor-col-50 elementor-inner-column elementor-element elementor-element-9c2eade\" data-id=\"9c2eade\" data-element_type=\"column\">\n\t\t\t<div class=\"elementor-widget-wrap elementor-element-populated\">\n\t\t\t\t\t\t<div class=\"elementor-element elementor-element-de30bc4 premium-header-block premium-lq__none premium-box-lq__none elementor-widget elementor-widget-premium-addon-dual-header\" data-id=\"de30bc4\" data-element_type=\"widget\" data-widget_type=\"premium-addon-dual-header.default\">\n\t\t\t\t<div class=\"elementor-widget-container\">\n\t\t\t\t\t\n\t\t\t\t\t<h2 class=\"premium-dual-header-first-header \"><span class=\"premium-dual-header-first-span\">Descubre tus Talentos <\/span><span class=\"premium-dual-header-second-header \">Talleres Extracurriculares 2024 en el Colegio Fray Mart\u00edn de Arequipa<\/span><\/h2> \t\t\n\t\t\t\t\t\t<\/div>\n\t\t\t\t<\/div>\n\t\t\t\t\t<\/div>\n\t\t<\/div>\n\t\t\t\t<div class=\"elementor-column elementor-col-50 elementor-inner-column elementor-element elementor-element-74ace66\" data-id=\"74ace66\" data-element_type=\"column\">\n\t\t\t<div class=\"elementor-widget-wrap elementor-element-populated\">\n\t\t\t\t\t\t<div class=\"elementor-element elementor-element-fae606a elementor-widget elementor-widget-text-editor\" data-id=\"fae606a\" data-element_type=\"widget\" data-widget_type=\"text-editor.default\">\n\t\t\t\t<div class=\"elementor-widget-container\">\n\t\t\t\t\t\t\t\t\t<p>Explora tus pasiones y desarrolla tus talentos con nuestros emocionantes talleres extracurriculares en el Colegio Fray Mart\u00edn de Arequipa. Desde la creatividad desbordante en arte hasta el mundo intrigante de la rob\u00f3tica, nuestros talleres est\u00e1n dise\u00f1ados para inspirar, desafiar y nutrir el potencial \u00fanico de cada estudiante. \u00a1Descubre nuevas habilidades, haz amigos incre\u00edbles y enriquece tu experiencia educativa! \u00a1Inscr\u00edbete ahora y s\u00e9 parte de esta emocionante aventura de aprendizaje m\u00e1s all\u00e1 del aula!<\/p>\t\t\t\t\t\t\t\t<\/div>\n\t\t\t\t<\/div>\n\t\t\t\t\t<\/div>\n\t\t<\/div>\n\t\t\t\t\t<\/div>\n\t\t<\/section>\n\t\t\t\t<div class=\"elementor-element elementor-element-df057f8 elementor-align-right elementor-icon-list--layout-traditional elementor-list-item-link-full_width elementor-widget elementor-widget-icon-list\" data-id=\"df057f8\" data-element_type=\"widget\" data-widget_type=\"icon-list.default\">\n\t\t\t\t<div class=\"elementor-widget-container\">\n\t\t\t\t\t\t\t<ul class=\"elementor-icon-list-items\">\n\t\t\t\t\t\t\t<li class=\"elementor-icon-list-item\">\n\t\t\t\t\t\t\t\t\t\t\t<span class=\"elementor-icon-list-icon\">\n\t\t\t\t\t\t\t<i aria-hidden=\"true\" class=\"fas fa-mail-bulk\"><\/i>\t\t\t\t\t\t<\/span>\n\t\t\t\t\t\t\t\t\t\t<span class=\"elementor-icon-list-text\">Correo electr\u00f3nico<\/span>\n\t\t\t\t\t\t\t\t\t<\/li>\n\t\t\t\t\t\t<\/ul>\n\t\t\t\t\t\t<\/div>\n\t\t\t\t<\/div>\n\t\t\t\t<div class=\"elementor-element elementor-element-c06c7ec elementor-align-right elementor-icon-list--layout-traditional elementor-list-item-link-full_width elementor-widget elementor-widget-icon-list\" data-id=\"c06c7ec\" data-element_type=\"widget\" data-widget_type=\"icon-list.default\">\n\t\t\t\t<div class=\"elementor-widget-container\">\n\t\t\t\t\t\t\t<ul class=\"elementor-icon-list-items\">\n\t\t\t\t\t\t\t<li class=\"elementor-icon-list-item\">\n\t\t\t\t\t\t\t\t\t\t<span class=\"elementor-icon-list-text\">secretaria@colegiofraymartin.edu.pe<\/span>\n\t\t\t\t\t\t\t\t\t<\/li>\n\t\t\t\t\t\t<\/ul>\n\t\t\t\t\t\t<\/div>\n\t\t\t\t<\/div>\n\t\t\t\t<div class=\"elementor-element elementor-element-03f3283 elementor-align-right elementor-icon-list--layout-traditional elementor-list-item-link-full_width elementor-widget elementor-widget-icon-list\" data-id=\"03f3283\" data-element_type=\"widget\" data-widget_type=\"icon-list.default\">\n\t\t\t\t<div class=\"elementor-widget-container\">\n\t\t\t\t\t\t\t<ul class=\"elementor-icon-list-items\">\n\t\t\t\t\t\t\t<li class=\"elementor-icon-list-item\">\n\t\t\t\t\t\t\t\t\t\t\t<span class=\"elementor-icon-list-icon\">\n\t\t\t\t\t\t\t<i aria-hidden=\"true\" class=\"far fa-clock\"><\/i>\t\t\t\t\t\t<\/span>\n\t\t\t\t\t\t\t\t\t\t<span class=\"elementor-icon-list-text\">Horario de atenci\u00f3n<\/span>\n\t\t\t\t\t\t\t\t\t<\/li>\n\t\t\t\t\t\t<\/ul>\n\t\t\t\t\t\t<\/div>\n\t\t\t\t<\/div>\n\t\t\t\t<div class=\"elementor-element elementor-element-29aca7d elementor-align-right elementor-icon-list--layout-traditional elementor-list-item-link-full_width elementor-widget elementor-widget-icon-list\" data-id=\"29aca7d\" data-element_type=\"widget\" data-widget_type=\"icon-list.default\">\n\t\t\t\t<div class=\"elementor-widget-container\">\n\t\t\t\t\t\t\t<ul class=\"elementor-icon-list-items\">\n\t\t\t\t\t\t\t<li class=\"elementor-icon-list-item\">\n\t\t\t\t\t\t\t\t\t\t<span class=\"elementor-icon-list-text\">L - V : 07:00 am a 02:30 pm<\/span>\n\t\t\t\t\t\t\t\t\t<\/li>\n\t\t\t\t\t\t\t\t<li class=\"elementor-icon-list-item\">\n\t\t\t\t\t\t\t\t\t\t<span class=\"elementor-icon-list-text\">S: 08:00 am a 01:00 pm<\/span>\n\t\t\t\t\t\t\t\t\t<\/li>\n\t\t\t\t\t\t<\/ul>\n\t\t\t\t\t\t<\/div>\n\t\t\t\t<\/div>\n\t\t\t\t\t<\/div>\n\t\t<\/div>\n\t\t\t\t<div class=\"elementor-column elementor-col-50 elementor-top-column elementor-element elementor-element-2577ca1\" data-id=\"2577ca1\" data-element_type=\"column\" data-settings=\"{&quot;background_background&quot;:&quot;classic&quot;}\">\n\t\t\t<div class=\"elementor-widget-wrap elementor-element-populated\">\n\t\t\t\t\t\t<div class=\"elementor-element elementor-element-b950796 elementor-widget elementor-widget-heading\" data-id=\"b950796\" data-element_type=\"widget\" data-widget_type=\"heading.default\">\n\t\t\t\t<div class=\"elementor-widget-container\">\n\t\t\t\t\t<h2 class=\"elementor-heading-title elementor-size-default\">Informes<\/h2>\t\t\t\t<\/div>\n\t\t\t\t<\/div>\n\t\t\t\t<div class=\"elementor-element elementor-element-bad1624 elementor-widget elementor-widget-text-editor\" data-id=\"bad1624\" data-element_type=\"widget\" data-widget_type=\"text-editor.default\">\n\t\t\t\t<div class=\"elementor-widget-container\">\n\t\t\t\t\t\t\t\t\t<p>Dejanos tus datos y nos comunicaremos contigo<\/p>\t\t\t\t\t\t\t\t<\/div>\n\t\t\t\t<\/div>\n\t\t\t\t<div class=\"elementor-element elementor-element-bb1e497 elementor-widget elementor-widget-html\" data-id=\"bb1e497\" data-element_type=\"widget\" data-widget_type=\"html.default\">\n\t\t\t\t<div class=\"elementor-widget-container\">\n\t\t\t\t\t<style id=\"wpforms-css-vars-1818\">\n\t\t\t\t#wpforms-1818 {\n\t\t\t\t\n\t\t\t}\n\t\t\t<\/style><div class=\"wpforms-container wpforms-container-full wpforms-render-modern\" id=\"wpforms-1818\"><form id=\"wpforms-form-1818\" class=\"wpforms-validate wpforms-form wpforms-ajax-form\" data-formid=\"1818\" method=\"post\" enctype=\"multipart\/form-data\" action=\"\/nportal\/wp-json\/wp\/v2\/pages\/1813\" data-token=\"22ca104d469676a57232a8d3964cdcc4\" data-token-time=\"1778139682\"><noscript class=\"wpforms-error-noscript\">Por favor, activa JavaScript en tu navegador para completar este formulario.<\/noscript><div id=\"wpforms-error-noscript\" style=\"display: none;\">Por favor, activa JavaScript en tu navegador para completar este formulario.<\/div><div class=\"wpforms-field-container\"><div id=\"wpforms-1818-field_1-container\" class=\"wpforms-field wpforms-field-text wpforms-one-half wpforms-first\" data-field-id=\"1\"><label class=\"wpforms-field-label\" for=\"wpforms-1818-field_1\">Nombres <span class=\"wpforms-required-label\" aria-hidden=\"true\">*<\/span><\/label><input type=\"text\" id=\"wpforms-1818-field_1\" class=\"wpforms-field-large wpforms-field-required\" name=\"wpforms[fields][1]\" aria-errormessage=\"wpforms-1818-field_1-error\" required><\/div><div id=\"wpforms-1818-field_2-container\" class=\"wpforms-field wpforms-field-text wpforms-one-half\" data-field-id=\"2\"><label class=\"wpforms-field-label\" for=\"wpforms-1818-field_2\">Apellidos <span class=\"wpforms-required-label\" aria-hidden=\"true\">*<\/span><\/label><input type=\"text\" id=\"wpforms-1818-field_2\" class=\"wpforms-field-large wpforms-field-required\" name=\"wpforms[fields][2]\" aria-errormessage=\"wpforms-1818-field_2-error\" required><\/div><div id=\"wpforms-1818-field_5-container\" class=\"wpforms-field wpforms-field-email wpforms-one-half wpforms-first\" data-field-id=\"5\"><label class=\"wpforms-field-label\" for=\"wpforms-1818-field_5\">Correo electr\u00f3nico <span class=\"wpforms-required-label\" aria-hidden=\"true\">*<\/span><\/label><input type=\"email\" id=\"wpforms-1818-field_5\" class=\"wpforms-field-large wpforms-field-required\" name=\"wpforms[fields][5]\" spellcheck=\"false\" aria-errormessage=\"wpforms-1818-field_5-error\" required><\/div><div id=\"wpforms-1818-field_7-container\" class=\"wpforms-field wpforms-field-number wpforms-one-half\" data-field-id=\"7\"><label class=\"wpforms-field-label\" for=\"wpforms-1818-field_7\">Tel\u00e9fono \/ Celular <span class=\"wpforms-required-label\" aria-hidden=\"true\">*<\/span><\/label><input type=\"number\" id=\"wpforms-1818-field_7\" class=\"wpforms-field-large wpforms-field-required\" name=\"wpforms[fields][7]\" step=\"any\" aria-errormessage=\"wpforms-1818-field_7-error\" required><\/div><div id=\"wpforms-1818-field_12-container\" class=\"wpforms-field wpforms-field-textarea\" data-field-id=\"12\"><label class=\"wpforms-field-label\" for=\"wpforms-1818-field_12\">Comentario<\/label><textarea id=\"wpforms-1818-field_12\" class=\"wpforms-field-large\" name=\"wpforms[fields][12]\" aria-errormessage=\"wpforms-1818-field_12-error\" ><\/textarea><\/div><div id=\"wpforms-1818-field_11-container\" class=\"wpforms-field wpforms-field-checkbox wpforms-one-half\" data-field-id=\"11\"><fieldset><legend class=\"wpforms-field-label\">Talleres<\/legend><ul id=\"wpforms-1818-field_11\"><li class=\"choice-1 depth-1\"><input type=\"checkbox\" id=\"wpforms-1818-field_11_1\" name=\"wpforms[fields][11][]\" value=\"Talleres de Robotica\" aria-errormessage=\"wpforms-1818-field_11_1-error\"  ><label class=\"wpforms-field-label-inline\" for=\"wpforms-1818-field_11_1\">Talleres de Robotica<\/label><\/li><li class=\"choice-2 depth-1\"><input type=\"checkbox\" id=\"wpforms-1818-field_11_2\" name=\"wpforms[fields][11][]\" value=\"Talleres de Programaci\u00f3n\" aria-errormessage=\"wpforms-1818-field_11_2-error\"  ><label class=\"wpforms-field-label-inline\" for=\"wpforms-1818-field_11_2\">Talleres de Programaci\u00f3n<\/label><\/li><li class=\"choice-3 depth-1\"><input type=\"checkbox\" id=\"wpforms-1818-field_11_3\" name=\"wpforms[fields][11][]\" value=\"Talleres de Ingles\" aria-errormessage=\"wpforms-1818-field_11_3-error\"  ><label class=\"wpforms-field-label-inline\" for=\"wpforms-1818-field_11_3\">Talleres de Ingles<\/label><\/li><li class=\"choice-4 depth-1\"><input type=\"checkbox\" id=\"wpforms-1818-field_11_4\" name=\"wpforms[fields][11][]\" value=\"Talleres de Matem\u00e1ticas\" aria-errormessage=\"wpforms-1818-field_11_4-error\"  ><label class=\"wpforms-field-label-inline\" for=\"wpforms-1818-field_11_4\">Talleres de Matem\u00e1ticas<\/label><\/li><\/ul><\/fieldset><\/div><div id=\"wpforms-1818-field_9-container\" class=\"wpforms-field wpforms-field-checkbox\" data-field-id=\"9\"><fieldset><legend class=\"wpforms-field-label\">Informaci\u00f3n b\u00e1sica sobre privacidad de datos.<\/legend><ul id=\"wpforms-1818-field_9\"><li class=\"choice-1 depth-1 wpforms-selected\"><input type=\"checkbox\" id=\"wpforms-1818-field_9_1\" name=\"wpforms[fields][9][]\" value=\"He le\u00eddo\" aria-errormessage=\"wpforms-1818-field_9_1-error\"   checked='checked'><label class=\"wpforms-field-label-inline\" for=\"wpforms-1818-field_9_1\">He le\u00eddo<\/label><\/li><\/ul><\/fieldset><\/div><\/div><!-- .wpforms-field-container --><div class=\"wpforms-recaptcha-container wpforms-is-recaptcha wpforms-is-recaptcha-type-v3\" ><input type=\"hidden\" name=\"wpforms[recaptcha]\" value=\"\"><\/div><div class=\"wpforms-submit-container\" ><input type=\"hidden\" name=\"wpforms[id]\" value=\"1818\"><input type=\"hidden\" name=\"page_title\" value=\"\"><input type=\"hidden\" name=\"page_url\" value=\"https:\/\/colegiofraymartin.edu.pe\/nportal\/wp-json\/wp\/v2\/pages\/1813\"><input type=\"hidden\" name=\"url_referer\" value=\"\"><button type=\"submit\" name=\"wpforms[submit]\" id=\"wpforms-submit-1818\" class=\"wpforms-submit\" data-alt-text=\"Enviando...\" data-submit-text=\"Enviar\" aria-live=\"assertive\" value=\"wpforms-submit\">Enviar<\/button><img decoding=\"async\" src=\"https:\/\/colegiofraymartin.edu.pe\/nportal\/wp-content\/plugins\/wpforms-lite\/assets\/images\/submit-spin.svg\" class=\"wpforms-submit-spinner\" style=\"display: none;\" width=\"26\" height=\"26\" alt=\"Cargando\"><\/div><\/form><\/div>  <!-- .wpforms-container -->\t\t\t\t<\/div>\n\t\t\t\t<\/div>\n\t\t\t\t\t<\/div>\n\t\t<\/div>\n\t\t\t\t\t<\/div>\n\t\t<\/section>\n\t\t\t\t<\/div>\n\t\t","protected":false},"excerpt":{"rendered":"<p>Colegio Fray Martin Talleres Extracurriculares Descubre tus Talentos Talleres Extracurriculares 2024 en el Colegio Fray Mart\u00edn de Arequipa Explora tus pasiones y desarrolla tus talentos con nuestros emocionantes talleres extracurriculares en el Colegio Fray Mart\u00edn de Arequipa. Desde la creatividad desbordante en arte hasta el mundo intrigante de la rob\u00f3tica, nuestros talleres est\u00e1n dise\u00f1ados para inspirar, desafiar y nutrir el [&hellip;]<\/p>\n","protected":false},"author":2,"featured_media":0,"parent":0,"menu_order":0,"comment_status":"closed","ping_status":"closed","template":"elementor_header_footer","meta":{"_joinchat":[],"footnotes":""},"class_list":["post-1813","page","type-page","status-publish","hentry"],"yoast_head":"<!-- This site is optimized with the Yoast SEO plugin v26.1.1 - https:\/\/yoast.com\/wordpress\/plugins\/seo\/ -->\n<title>Talleres extracurriculares - Colegio Fray Martin<\/title>\n<meta name=\"robots\" content=\"index, follow, max-snippet:-1, max-image-preview:large, max-video-preview:-1\" \/>\n<link rel=\"canonical\" href=\"https:\/\/colegiofraymartin.edu.pe\/nportal\/talleres-extracurriculares\/\" \/>\n<meta property=\"og:locale\" content=\"es_ES\" \/>\n<meta property=\"og:type\" content=\"article\" \/>\n<meta property=\"og:title\" content=\"Talleres extracurriculares - Colegio Fray Martin\" \/>\n<meta property=\"og:description\" content=\"Colegio Fray Martin Talleres Extracurriculares Descubre tus Talentos Talleres Extracurriculares 2024 en el Colegio Fray Mart\u00edn de Arequipa Explora tus pasiones y desarrolla tus talentos con nuestros emocionantes talleres extracurriculares en el Colegio Fray Mart\u00edn de Arequipa. Desde la creatividad desbordante en arte hasta el mundo intrigante de la rob\u00f3tica, nuestros talleres est\u00e1n dise\u00f1ados para inspirar, desafiar y nutrir el [&hellip;]\" \/>\n<meta property=\"og:url\" content=\"https:\/\/colegiofraymartin.edu.pe\/nportal\/talleres-extracurriculares\/\" \/>\n<meta property=\"og:site_name\" content=\"Colegio Fray Martin\" \/>\n<meta property=\"article:publisher\" content=\"https:\/\/www.facebook.com\/profile.php?id=61552163747963&amp;locale=es_LA\" \/>\n<meta property=\"article:modified_time\" content=\"2024-11-15T12:37:51+00:00\" \/>\n<meta name=\"twitter:card\" content=\"summary_large_image\" \/>\n<meta name=\"twitter:label1\" content=\"Tiempo de lectura\" \/>\n\t<meta name=\"twitter:data1\" content=\"1 minuto\" \/>\n<script type=\"application\/ld+json\" class=\"yoast-schema-graph\">{\"@context\":\"https:\/\/schema.org\",\"@graph\":[{\"@type\":\"WebPage\",\"@id\":\"https:\/\/colegiofraymartin.edu.pe\/nportal\/talleres-extracurriculares\/\",\"url\":\"https:\/\/colegiofraymartin.edu.pe\/nportal\/talleres-extracurriculares\/\",\"name\":\"Talleres extracurriculares - Colegio Fray Martin\",\"isPartOf\":{\"@id\":\"https:\/\/colegiofraymartin.edu.pe\/nportal\/#website\"},\"datePublished\":\"2024-01-17T00:24:23+00:00\",\"dateModified\":\"2024-11-15T12:37:51+00:00\",\"breadcrumb\":{\"@id\":\"https:\/\/colegiofraymartin.edu.pe\/nportal\/talleres-extracurriculares\/#breadcrumb\"},\"inLanguage\":\"es\",\"potentialAction\":[{\"@type\":\"ReadAction\",\"target\":[\"https:\/\/colegiofraymartin.edu.pe\/nportal\/talleres-extracurriculares\/\"]}]},{\"@type\":\"BreadcrumbList\",\"@id\":\"https:\/\/colegiofraymartin.edu.pe\/nportal\/talleres-extracurriculares\/#breadcrumb\",\"itemListElement\":[{\"@type\":\"ListItem\",\"position\":1,\"name\":\"Portada\",\"item\":\"https:\/\/colegiofraymartin.edu.pe\/nportal\/\"},{\"@type\":\"ListItem\",\"position\":2,\"name\":\"Talleres extracurriculares\"}]},{\"@type\":\"WebSite\",\"@id\":\"https:\/\/colegiofraymartin.edu.pe\/nportal\/#website\",\"url\":\"https:\/\/colegiofraymartin.edu.pe\/nportal\/\",\"name\":\"Colegio Fray Martin\",\"description\":\"Amor, Trabajo y Disciplina\",\"publisher\":{\"@id\":\"https:\/\/colegiofraymartin.edu.pe\/nportal\/#organization\"},\"potentialAction\":[{\"@type\":\"SearchAction\",\"target\":{\"@type\":\"EntryPoint\",\"urlTemplate\":\"https:\/\/colegiofraymartin.edu.pe\/nportal\/?s={search_term_string}\"},\"query-input\":{\"@type\":\"PropertyValueSpecification\",\"valueRequired\":true,\"valueName\":\"search_term_string\"}}],\"inLanguage\":\"es\"},{\"@type\":\"Organization\",\"@id\":\"https:\/\/colegiofraymartin.edu.pe\/nportal\/#organization\",\"name\":\"Colegio Fray Martin\",\"url\":\"https:\/\/colegiofraymartin.edu.pe\/nportal\/\",\"logo\":{\"@type\":\"ImageObject\",\"inLanguage\":\"es\",\"@id\":\"https:\/\/colegiofraymartin.edu.pe\/nportal\/#\/schema\/logo\/image\/\",\"url\":\"https:\/\/colegiofraymartin.edu.pe\/nportal\/wp-content\/uploads\/2023\/08\/TERCERA-INSIGNIA.png\",\"contentUrl\":\"https:\/\/colegiofraymartin.edu.pe\/nportal\/wp-content\/uploads\/2023\/08\/TERCERA-INSIGNIA.png\",\"width\":512,\"height\":588,\"caption\":\"Colegio Fray Martin\"},\"image\":{\"@id\":\"https:\/\/colegiofraymartin.edu.pe\/nportal\/#\/schema\/logo\/image\/\"},\"sameAs\":[\"https:\/\/www.facebook.com\/profile.php?id=61552163747963&locale=es_LA\"]}]}<\/script>\n<!-- \/ Yoast SEO plugin. -->","yoast_head_json":{"title":"Talleres extracurriculares - Colegio Fray Martin","robots":{"index":"index","follow":"follow","max-snippet":"max-snippet:-1","max-image-preview":"max-image-preview:large","max-video-preview":"max-video-preview:-1"},"canonical":"https:\/\/colegiofraymartin.edu.pe\/nportal\/talleres-extracurriculares\/","og_locale":"es_ES","og_type":"article","og_title":"Talleres extracurriculares - Colegio Fray Martin","og_description":"Colegio Fray Martin Talleres Extracurriculares Descubre tus Talentos Talleres Extracurriculares 2024 en el Colegio Fray Mart\u00edn de Arequipa Explora tus pasiones y desarrolla tus talentos con nuestros emocionantes talleres extracurriculares en el Colegio Fray Mart\u00edn de Arequipa. Desde la creatividad desbordante en arte hasta el mundo intrigante de la rob\u00f3tica, nuestros talleres est\u00e1n dise\u00f1ados para inspirar, desafiar y nutrir el [&hellip;]","og_url":"https:\/\/colegiofraymartin.edu.pe\/nportal\/talleres-extracurriculares\/","og_site_name":"Colegio Fray Martin","article_publisher":"https:\/\/www.facebook.com\/profile.php?id=61552163747963&locale=es_LA","article_modified_time":"2024-11-15T12:37:51+00:00","twitter_card":"summary_large_image","twitter_misc":{"Tiempo de lectura":"1 minuto"},"schema":{"@context":"https:\/\/schema.org","@graph":[{"@type":"WebPage","@id":"https:\/\/colegiofraymartin.edu.pe\/nportal\/talleres-extracurriculares\/","url":"https:\/\/colegiofraymartin.edu.pe\/nportal\/talleres-extracurriculares\/","name":"Talleres extracurriculares - Colegio Fray Martin","isPartOf":{"@id":"https:\/\/colegiofraymartin.edu.pe\/nportal\/#website"},"datePublished":"2024-01-17T00:24:23+00:00","dateModified":"2024-11-15T12:37:51+00:00","breadcrumb":{"@id":"https:\/\/colegiofraymartin.edu.pe\/nportal\/talleres-extracurriculares\/#breadcrumb"},"inLanguage":"es","potentialAction":[{"@type":"ReadAction","target":["https:\/\/colegiofraymartin.edu.pe\/nportal\/talleres-extracurriculares\/"]}]},{"@type":"BreadcrumbList","@id":"https:\/\/colegiofraymartin.edu.pe\/nportal\/talleres-extracurriculares\/#breadcrumb","itemListElement":[{"@type":"ListItem","position":1,"name":"Portada","item":"https:\/\/colegiofraymartin.edu.pe\/nportal\/"},{"@type":"ListItem","position":2,"name":"Talleres extracurriculares"}]},{"@type":"WebSite","@id":"https:\/\/colegiofraymartin.edu.pe\/nportal\/#website","url":"https:\/\/colegiofraymartin.edu.pe\/nportal\/","name":"Colegio Fray Martin","description":"Amor, Trabajo y Disciplina","publisher":{"@id":"https:\/\/colegiofraymartin.edu.pe\/nportal\/#organization"},"potentialAction":[{"@type":"SearchAction","target":{"@type":"EntryPoint","urlTemplate":"https:\/\/colegiofraymartin.edu.pe\/nportal\/?s={search_term_string}"},"query-input":{"@type":"PropertyValueSpecification","valueRequired":true,"valueName":"search_term_string"}}],"inLanguage":"es"},{"@type":"Organization","@id":"https:\/\/colegiofraymartin.edu.pe\/nportal\/#organization","name":"Colegio Fray Martin","url":"https:\/\/colegiofraymartin.edu.pe\/nportal\/","logo":{"@type":"ImageObject","inLanguage":"es","@id":"https:\/\/colegiofraymartin.edu.pe\/nportal\/#\/schema\/logo\/image\/","url":"https:\/\/colegiofraymartin.edu.pe\/nportal\/wp-content\/uploads\/2023\/08\/TERCERA-INSIGNIA.png","contentUrl":"https:\/\/colegiofraymartin.edu.pe\/nportal\/wp-content\/uploads\/2023\/08\/TERCERA-INSIGNIA.png","width":512,"height":588,"caption":"Colegio Fray Martin"},"image":{"@id":"https:\/\/colegiofraymartin.edu.pe\/nportal\/#\/schema\/logo\/image\/"},"sameAs":["https:\/\/www.facebook.com\/profile.php?id=61552163747963&locale=es_LA"]}]}},"_links":{"self":[{"href":"https:\/\/colegiofraymartin.edu.pe\/nportal\/wp-json\/wp\/v2\/pages\/1813","targetHints":{"allow":["GET"]}}],"collection":[{"href":"https:\/\/colegiofraymartin.edu.pe\/nportal\/wp-json\/wp\/v2\/pages"}],"about":[{"href":"https:\/\/colegiofraymartin.edu.pe\/nportal\/wp-json\/wp\/v2\/types\/page"}],"author":[{"embeddable":true,"href":"https:\/\/colegiofraymartin.edu.pe\/nportal\/wp-json\/wp\/v2\/users\/2"}],"replies":[{"embeddable":true,"href":"https:\/\/colegiofraymartin.edu.pe\/nportal\/wp-json\/wp\/v2\/comments?post=1813"}],"version-history":[{"count":10,"href":"https:\/\/colegiofraymartin.edu.pe\/nportal\/wp-json\/wp\/v2\/pages\/1813\/revisions"}],"predecessor-version":[{"id":2128,"href":"https:\/\/colegiofraymartin.edu.pe\/nportal\/wp-json\/wp\/v2\/pages\/1813\/revisions\/2128"}],"wp:attachment":[{"href":"https:\/\/colegiofraymartin.edu.pe\/nportal\/wp-json\/wp\/v2\/media?parent=1813"}],"curies":[{"name":"wp","href":"https:\/\/api.w.org\/{rel}","templated":true}]}}